{"id":13,"date":"2020-12-22T16:13:12","date_gmt":"2020-12-22T13:13:12","guid":{"rendered":"http:\/\/www.grafas.org\/demo08\/?page_id=13"},"modified":"2025-06-29T14:49:41","modified_gmt":"2025-06-29T12:49:41","slug":"home","status":"publish","type":"page","link":"https:\/\/furrair.ch\/en\/","title":{"rendered":"Home"},"content":{"rendered":"<style>.kb-row-layout-id13_c56ce7-01 > .kt-row-column-wrap{align-content:start;}:where(.kb-row-layout-id13_c56ce7-01 > .kt-row-column-wrap) > .wp-block-kadence-column{justify-content:start;}.kb-row-layout-id13_c56ce7-01 > .kt-row-column-wrap{column-gap:var(--global-kb-gap-md, 2rem);row-gap:var(--global-kb-gap-lg, 4rem);max-width:var( --global-content-width, 1290px );padding-left:var(--global-content-edge-padding);padding-right:var(--global-content-edge-padding);padding-top:0px;padding-bottom:34px;grid-template-columns:repeat(2, minmax(0, 1fr));}.kb-row-layout-id13_c56ce7-01 > .kt-row-layout-overlay{opacity:0.18;background-color:rgba(0, 0, 0, 0.43);mix-blend-mode:normal;}.kb-row-layout-id13_c56ce7-01 ,.kb-row-layout-id13_c56ce7-01 h1,.kb-row-layout-id13_c56ce7-01 h2,.kb-row-layout-id13_c56ce7-01 h3,.kb-row-layout-id13_c56ce7-01 h4,.kb-row-layout-id13_c56ce7-01 h5,.kb-row-layout-id13_c56ce7-01 h6{color:var(--global-palette7, #EDF2F7);}@media all and (max-width: 1024px){.kb-row-layout-id13_c56ce7-01 > .kt-row-column-wrap{padding-top:80px;grid-template-columns:repeat(2, minmax(0, 1fr));}}@media all and (max-width: 767px){.kb-row-layout-id13_c56ce7-01 > .kt-row-column-wrap{grid-template-columns:minmax(0, 1fr);}}<\/style><div class=\"kb-row-layout-wrap kb-row-layout-id13_c56ce7-01 alignnone has-theme-palette6-background-color kt-row-has-bg wp-block-kadence-rowlayout\"><div class=\"kt-blocks-carousel kb-blocks-bg-slider kt-carousel-container-dotstyle-dark\"><div class=\"kt-blocks-carousel-init splide kb-blocks-bg-slider-init kt-carousel-arrowstyle-none kt-carousel-dotstyle-dark\" data-slider-anim-speed=\"400\" data-slider-type=\"slider\" data-slider-scroll=\"1\" data-slider-arrows=\"false\" data-slider-fade=\"true\" data-slider-dots=\"true\" data-slider-hover-pause=\"false\" data-slider-auto=\"true\" data-slider-speed=\"7000\" data-show-pause-button=\"false\"><div class=\"splide__track\"><ul class=\"splide__list\"><li class=\"splide__slide kb-bg-slide-contain\"><div  class=\"kb-bg-slide kb-bg-slide-0\" style=\"\"><\/div><\/li><\/ul><\/div><\/div><\/div><div class=\"kt-row-layout-overlay kt-row-overlay-normal\"><\/div><div class=\"kt-row-column-wrap kt-has-2-columns kt-row-layout-equal kt-tab-layout-inherit kt-mobile-layout-row kt-row-valign-top kb-theme-content-width\">\n<style>.kadence-column13_519678-db > .kt-inside-inner-col{display:flex;}.kadence-column13_519678-db > .kt-inside-inner-col,.kadence-column13_519678-db > .kt-inside-inner-col:before{border-top-left-radius:0px;border-top-right-radius:0px;border-bottom-right-radius:0px;border-bottom-left-radius:0px;}.kadence-column13_519678-db > .kt-inside-inner-col{column-gap:var(--global-kb-gap-sm, 1rem);}.kadence-column13_519678-db > .kt-inside-inner-col{flex-direction:column;align-items:flex-start;}.kadence-column13_519678-db > .kt-inside-inner-col > .kb-image-is-ratio-size{align-self:stretch;}.kadence-column13_519678-db > .kt-inside-inner-col > .wp-block-kadence-advancedgallery{align-self:stretch;}.kadence-column13_519678-db > .kt-inside-inner-col > .aligncenter{width:100%;}.kadence-column13_519678-db > .kt-inside-inner-col:before{opacity:0.3;}.kadence-column13_519678-db{position:relative;}@media all and (max-width: 1024px){.kadence-column13_519678-db > .kt-inside-inner-col{flex-direction:column;justify-content:center;align-items:flex-start;}}@media all and (max-width: 767px){.kadence-column13_519678-db > .kt-inside-inner-col{flex-direction:column;justify-content:center;align-items:flex-start;}}<\/style>\n<div class=\"wp-block-kadence-column kadence-column13_519678-db inner-column-1\"><div class=\"kt-inside-inner-col\"><style>.wp-block-kadence-advancedheading.kt-adv-heading13_229ef9-d5, .wp-block-kadence-advancedheading.kt-adv-heading13_229ef9-d5[data-kb-block=\"kb-adv-heading13_229ef9-d5\"]{padding-top:15px;font-size:80px;line-height:1em;font-style:normal;text-shadow:4px 4px 2px #817e7e;}.wp-block-kadence-advancedheading.kt-adv-heading13_229ef9-d5 mark.kt-highlight, .wp-block-kadence-advancedheading.kt-adv-heading13_229ef9-d5[data-kb-block=\"kb-adv-heading13_229ef9-d5\"] mark.kt-highlight{font-style:normal;-webkit-box-decoration-break:clone;box-decoration-break:clone;padding-top:0px;padding-right:0px;padding-bottom:0px;padding-left:0px;}.wp-block-kadence-advancedheading.kt-adv-heading13_229ef9-d5 img.kb-inline-image, .wp-block-kadence-advancedheading.kt-adv-heading13_229ef9-d5[data-kb-block=\"kb-adv-heading13_229ef9-d5\"] img.kb-inline-image{width:150px;vertical-align:baseline;}@media all and (max-width: 1024px){.wp-block-kadence-advancedheading.kt-adv-heading13_229ef9-d5, .wp-block-kadence-advancedheading.kt-adv-heading13_229ef9-d5[data-kb-block=\"kb-adv-heading13_229ef9-d5\"]{text-shadow:4px 4px 2px #817e7e;font-size:var(--global-kb-font-size-xxxl, 5rem);}}@media all and (max-width: 767px){.wp-block-kadence-advancedheading.kt-adv-heading13_229ef9-d5, .wp-block-kadence-advancedheading.kt-adv-heading13_229ef9-d5[data-kb-block=\"kb-adv-heading13_229ef9-d5\"]{text-shadow:4px 4px 2px #817e7e;font-size:40px;}}<\/style>\n<h2 class=\"kt-adv-heading13_229ef9-d5 wp-block-kadence-advancedheading\" data-kb-block=\"kb-adv-heading13_229ef9-d5\">Willkommen<\/h2>\n\n\n\n<p class=\"has-background\" style=\"background-color:#00000073\">Lass dich entf\u00fchren in die faszinierende Welt des Gleitschirmfliegens. Entdecke mit mir die Landschaft von oben und erlebe das Gef\u00fchl des einfachsten Fliegens. Ich f\u00fchre das &#171;Flugzeug&#187; im Rucksack mit. Vorkenntnisse dazu brauchst du keine mitzubringen. Ich erkl\u00e4re dir den Ablauf eines Fluges und begleite dich vom Start bis zur Landung. Ein paar Schritte und wir befinden uns in einer anderen Dimension. Bei mir steht die Sicherheit an oberster Stelle und es wird nur bei sicheren Verh\u00e4ltnissen geflogen. Komm mit auf einen Passagierflug mit einem erfahrenen Piloten oder mach jemandem ein Geschenk mit einem Gutschein. Wenn du Fragen hast, einen Flug oder Geschenkgutschein buchen m\u00f6chtest, bin ich via <a href=\"mailto:ch.furrer@furrair.ch\" target=\"_blank\" rel=\"noreferrer noopener\">Email<\/a> oder <a href=\"https:\/\/wa.me\/<0041792955529&gt;\">WhatsApp<\/a> erreichbar.<\/p>\n<\/div><\/div>\n\n\n<style>.kadence-column13_880979-67 > .kt-inside-inner-col{display:flex;}.kadence-column13_880979-67 > .kt-inside-inner-col,.kadence-column13_880979-67 > .kt-inside-inner-col:before{border-top-left-radius:0px;border-top-right-radius:0px;border-bottom-right-radius:0px;border-bottom-left-radius:0px;}.kadence-column13_880979-67 > .kt-inside-inner-col{column-gap:var(--global-kb-gap-sm, 1rem);}.kadence-column13_880979-67 > .kt-inside-inner-col{flex-direction:column;justify-content:center;}.kadence-column13_880979-67 > .kt-inside-inner-col > .aligncenter{width:100%;}.kt-row-column-wrap > .kadence-column13_880979-67{align-self:center;}.kt-inner-column-height-full:not(.kt-has-1-columns) > .wp-block-kadence-column.kadence-column13_880979-67{align-self:auto;}.kt-inner-column-height-full:not(.kt-has-1-columns) > .wp-block-kadence-column.kadence-column13_880979-67 > .kt-inside-inner-col{flex-direction:column;justify-content:center;}.kadence-column13_880979-67 > .kt-inside-inner-col:before{opacity:0.3;}.kadence-column13_880979-67{position:relative;}@media all and (max-width: 1024px){.kt-row-column-wrap > .kadence-column13_880979-67{align-self:center;}}@media all and (max-width: 1024px){.kt-inner-column-height-full:not(.kt-has-1-columns) > .wp-block-kadence-column.kadence-column13_880979-67{align-self:auto;}}@media all and (max-width: 1024px){.kt-inner-column-height-full:not(.kt-has-1-columns) > .wp-block-kadence-column.kadence-column13_880979-67 > .kt-inside-inner-col{flex-direction:column;justify-content:center;}}@media all and (max-width: 1024px){.kadence-column13_880979-67 > .kt-inside-inner-col{flex-direction:column;justify-content:center;}}@media all and (max-width: 767px){.kt-row-column-wrap > .kadence-column13_880979-67{align-self:center;}.kt-inner-column-height-full:not(.kt-has-1-columns) > .wp-block-kadence-column.kadence-column13_880979-67{align-self:auto;}.kt-inner-column-height-full:not(.kt-has-1-columns) > .wp-block-kadence-column.kadence-column13_880979-67 > .kt-inside-inner-col{flex-direction:column;justify-content:center;}.kadence-column13_880979-67 > .kt-inside-inner-col{flex-direction:column;justify-content:center;}}<\/style>\n<div class=\"wp-block-kadence-column kadence-column13_880979-67\"><div class=\"kt-inside-inner-col\"><style>.wp-block-kadence-advancedgallery.kb-gallery-wrap-id-13_933c97-3c{padding-top:var(--global-kb-spacing-xxs, 0.5rem);padding-right:var(--global-kb-spacing-xxs, 0.5rem);padding-bottom:var(--global-kb-spacing-xxs, 0.5rem);padding-left:var(--global-kb-spacing-xxs, 0.5rem);}.kb-gallery-id-13_933c97-3c.kb-gallery-ul.kb-gallery-type-fluidcarousel .kt-blocks-carousel figure .kb-gal-image-radius, .kb-gallery-id-13_933c97-3c.kb-gallery-ul.kb-gallery-type-fluidcarousel .kt-blocks-carousel figure .kb-gal-image-radius img{height:350px;}.kb-gallery-id-13_933c97-3c .kadence-blocks-gallery-item .kb-gal-image-radius, .kb-gallery-id-13_933c97-3c .kb-slide-item .kb-gal-image-radius img{border-radius:10px 10px 10px 10px;;}.kb-gallery-wrap-id-13_933c97-3c.wp-block-kadence-advancedgallery{overflow:visible;}.kb-gallery-wrap-id-13_933c97-3c.wp-block-kadence-advancedgallery .kt-blocks-carousel{overflow:visible;max-width:100%;}<\/style><div class=\"kb-gallery-wrap-id-13_933c97-3c alignnone wp-block-kadence-advancedgallery\"><div class=\"kb-gallery-ul kb-gallery-non-static kb-gallery-type-fluidcarousel kb-gallery-id-13_933c97-3c kb-gallery-caption-style-bottom kb-gallery-filter-none\" data-image-filter=\"none\" data-lightbox-caption=\"true\"><div class=\"kt-blocks-carousel splide kt-carousel-container-dotstyle-dark kt-carousel-arrowstyle-whiteondark kt-carousel-dotstyle-dark kb-slider-group-arrow kb-slider-arrow-position-center\" data-slider-anim-speed=\"2000\" data-slider-scroll=\"1\" data-slider-arrows=\"true\" data-slider-dots=\"true\" data-slider-hover-pause=\"false\" data-slider-auto=\"1\" data-slider-speed=\"4500\" data-slider-type=\"fluidcarousel\" data-slider-center-mode=\"true\" data-slider-gap=\"5px\" data-slider-gap-tablet=\"5px\" data-slider-gap-mobile=\"5px\" data-show-pause-button=\"false\"><div class=\"splide__track\"><ul class=\"kt-blocks-carousel-init kb-blocks-fluid-carousel splide__list\"><li class=\"kb-slide-item kb-gallery-carousel-item splide__slide\"><div class=\"kadence-blocks-gallery-item\"><div class=\"kadence-blocks-gallery-item-inner\"><figure class=\"kb-gallery-figure kadence-blocks-gallery-item-hide-caption\"><div class=\"kb-gal-image-radius\"><div class=\"kb-gallery-image-contain\" ><img loading=\"lazy\" decoding=\"async\" src=\"https:\/\/furrair.ch\/wp-content\/uploads\/2025\/06\/G1332515-1-1024x896.jpg\" width=\"1024\" height=\"896\" alt=\"\" data-full-image=\"https:\/\/furrair.ch\/wp-content\/uploads\/2025\/06\/G1332515-1.jpg\" data-light-image=\"https:\/\/furrair.ch\/wp-content\/uploads\/2025\/06\/G1332515-1.jpg\" data-id=\"1779\" class=\"wp-image-1779 skip-lazy\" srcset=\"https:\/\/furrair.ch\/wp-content\/uploads\/2025\/06\/G1332515-1-1024x896.jpg 1024w, https:\/\/furrair.ch\/wp-content\/uploads\/2025\/06\/G1332515-1-300x263.jpg 300w, https:\/\/furrair.ch\/wp-content\/uploads\/2025\/06\/G1332515-1-768x672.jpg 768w, https:\/\/furrair.ch\/wp-content\/uploads\/2025\/06\/G1332515-1-14x12.jpg 14w, https:\/\/furrair.ch\/wp-content\/uploads\/2025\/06\/G1332515-1.jpg 1280w\" sizes=\"auto, (max-width: 1024px) 100vw, 1024px\" \/><\/div><\/div><\/figure><\/div><\/div><\/li><li class=\"kb-slide-item kb-gallery-carousel-item splide__slide\"><div class=\"kadence-blocks-gallery-item\"><div class=\"kadence-blocks-gallery-item-inner\"><figure class=\"kb-gallery-figure kadence-blocks-gallery-item-hide-caption\"><div class=\"kb-gal-image-radius\"><div class=\"kb-gallery-image-contain\" ><img loading=\"lazy\" decoding=\"async\" width=\"1280\" height=\"960\" src=\"https:\/\/furrair.ch\/wp-content\/uploads\/2024\/03\/G0145992.jpg\"   alt=\"\" data-full-image=\"https:\/\/furrair.ch\/wp-content\/uploads\/2024\/03\/G0145992.jpg\" data-light-image=\"https:\/\/furrair.ch\/wp-content\/uploads\/2024\/03\/G0145992.jpg\" data-id=\"1657\" class=\"wp-image-1657 skip-lazy\"\/><\/div><\/div><\/figure><\/div><\/div><\/li><li class=\"kb-slide-item kb-gallery-carousel-item splide__slide\"><div class=\"kadence-blocks-gallery-item\"><div class=\"kadence-blocks-gallery-item-inner\"><figure class=\"kb-gallery-figure kadence-blocks-gallery-item-hide-caption\"><div class=\"kb-gal-image-radius\"><div class=\"kb-gallery-image-contain\" ><img loading=\"lazy\" decoding=\"async\" width=\"1280\" height=\"960\" src=\"https:\/\/furrair.ch\/wp-content\/uploads\/2024\/03\/G1200530.jpg\"   alt=\"\" data-full-image=\"https:\/\/furrair.ch\/wp-content\/uploads\/2024\/03\/G1200530.jpg\" data-light-image=\"https:\/\/furrair.ch\/wp-content\/uploads\/2024\/03\/G1200530.jpg\" data-id=\"1664\" class=\"wp-image-1664 skip-lazy\"\/><\/div><\/div><\/figure><\/div><\/div><\/li><li class=\"kb-slide-item kb-gallery-carousel-item splide__slide\"><div class=\"kadence-blocks-gallery-item\"><div class=\"kadence-blocks-gallery-item-inner\"><figure class=\"kb-gallery-figure kadence-blocks-gallery-item-hide-caption\"><div class=\"kb-gal-image-radius\"><div class=\"kb-gallery-image-contain\" ><img loading=\"lazy\" decoding=\"async\" width=\"720\" height=\"1280\" src=\"https:\/\/furrair.ch\/wp-content\/uploads\/2024\/03\/WhatsApp-Image-2024-03-01-at-16.17.28-1-e1751120499464.jpg\"   alt=\"\" data-full-image=\"https:\/\/furrair.ch\/wp-content\/uploads\/2024\/03\/WhatsApp-Image-2024-03-01-at-16.17.28-1-e1751120499464.jpg\" data-light-image=\"https:\/\/furrair.ch\/wp-content\/uploads\/2024\/03\/WhatsApp-Image-2024-03-01-at-16.17.28-1-e1751120499464.jpg\" data-id=\"1673\" class=\"wp-image-1673 skip-lazy\"\/><\/div><\/div><\/figure><\/div><\/div><\/li><li class=\"kb-slide-item kb-gallery-carousel-item splide__slide\"><div class=\"kadence-blocks-gallery-item\"><div class=\"kadence-blocks-gallery-item-inner\"><figure class=\"kb-gallery-figure kadence-blocks-gallery-item-hide-caption\"><div class=\"kb-gal-image-radius\"><div class=\"kb-gallery-image-contain\" ><img loading=\"lazy\" decoding=\"async\" width=\"1280\" height=\"1120\" src=\"https:\/\/furrair.ch\/wp-content\/uploads\/2025\/06\/G1262378.jpg\"   alt=\"\" data-full-image=\"https:\/\/furrair.ch\/wp-content\/uploads\/2025\/06\/G1262378.jpg\" data-light-image=\"https:\/\/furrair.ch\/wp-content\/uploads\/2025\/06\/G1262378.jpg\" data-id=\"1705\" class=\"wp-image-1705 skip-lazy\" srcset=\"https:\/\/furrair.ch\/wp-content\/uploads\/2025\/06\/G1262378.jpg 1280w, https:\/\/furrair.ch\/wp-content\/uploads\/2025\/06\/G1262378-300x263.jpg 300w, https:\/\/furrair.ch\/wp-content\/uploads\/2025\/06\/G1262378-1024x896.jpg 1024w, https:\/\/furrair.ch\/wp-content\/uploads\/2025\/06\/G1262378-768x672.jpg 768w, https:\/\/furrair.ch\/wp-content\/uploads\/2025\/06\/G1262378-14x12.jpg 14w\" sizes=\"auto, (max-width: 1280px) 100vw, 1280px\" \/><\/div><\/div><\/figure><\/div><\/div><\/li><li class=\"kb-slide-item kb-gallery-carousel-item splide__slide\"><div class=\"kadence-blocks-gallery-item\"><div class=\"kadence-blocks-gallery-item-inner\"><figure class=\"kb-gallery-figure kadence-blocks-gallery-item-hide-caption\"><div class=\"kb-gal-image-radius\"><div class=\"kb-gallery-image-contain\" ><img loading=\"lazy\" decoding=\"async\" width=\"1280\" height=\"960\" src=\"https:\/\/furrair.ch\/wp-content\/uploads\/2024\/03\/Zubi.jpg\"   alt=\"\" data-full-image=\"https:\/\/furrair.ch\/wp-content\/uploads\/2024\/03\/Zubi.jpg\" data-light-image=\"https:\/\/furrair.ch\/wp-content\/uploads\/2024\/03\/Zubi.jpg\" data-id=\"1665\" class=\"wp-image-1665 skip-lazy\" srcset=\"https:\/\/furrair.ch\/wp-content\/uploads\/2024\/03\/Zubi.jpg 1280w, https:\/\/furrair.ch\/wp-content\/uploads\/2024\/03\/Zubi-300x225.jpg 300w, https:\/\/furrair.ch\/wp-content\/uploads\/2024\/03\/Zubi-1024x768.jpg 1024w, https:\/\/furrair.ch\/wp-content\/uploads\/2024\/03\/Zubi-768x576.jpg 768w, https:\/\/furrair.ch\/wp-content\/uploads\/2024\/03\/Zubi-16x12.jpg 16w\" sizes=\"auto, (max-width: 1280px) 100vw, 1280px\" \/><\/div><\/div><\/figure><\/div><\/div><\/li><li class=\"kb-slide-item kb-gallery-carousel-item splide__slide\"><div class=\"kadence-blocks-gallery-item\"><div class=\"kadence-blocks-gallery-item-inner\"><figure class=\"kb-gallery-figure kadence-blocks-gallery-item-hide-caption\"><div class=\"kb-gal-image-radius\"><div class=\"kb-gallery-image-contain\" ><img loading=\"lazy\" decoding=\"async\" width=\"1280\" height=\"960\" src=\"https:\/\/furrair.ch\/wp-content\/uploads\/2024\/03\/G0145907.jpg\"   alt=\"\" data-full-image=\"https:\/\/furrair.ch\/wp-content\/uploads\/2024\/03\/G0145907.jpg\" data-light-image=\"https:\/\/furrair.ch\/wp-content\/uploads\/2024\/03\/G0145907.jpg\" data-id=\"1652\" class=\"wp-image-1652 skip-lazy\" srcset=\"https:\/\/furrair.ch\/wp-content\/uploads\/2024\/03\/G0145907.jpg 1280w, https:\/\/furrair.ch\/wp-content\/uploads\/2024\/03\/G0145907-300x225.jpg 300w, https:\/\/furrair.ch\/wp-content\/uploads\/2024\/03\/G0145907-1024x768.jpg 1024w, https:\/\/furrair.ch\/wp-content\/uploads\/2024\/03\/G0145907-768x576.jpg 768w, https:\/\/furrair.ch\/wp-content\/uploads\/2024\/03\/G0145907-16x12.jpg 16w\" sizes=\"auto, (max-width: 1280px) 100vw, 1280px\" \/><\/div><\/div><\/figure><\/div><\/div><\/li><li class=\"kb-slide-item kb-gallery-carousel-item splide__slide\"><div class=\"kadence-blocks-gallery-item\"><div class=\"kadence-blocks-gallery-item-inner\"><figure class=\"kb-gallery-figure kadence-blocks-gallery-item-hide-caption\"><div class=\"kb-gal-image-radius\"><div class=\"kb-gallery-image-contain\" ><img loading=\"lazy\" decoding=\"async\" width=\"1280\" height=\"1120\" src=\"https:\/\/furrair.ch\/wp-content\/uploads\/2025\/06\/G1432654-1.jpg\"   alt=\"\" data-full-image=\"https:\/\/furrair.ch\/wp-content\/uploads\/2025\/06\/G1432654-1.jpg\" data-light-image=\"https:\/\/furrair.ch\/wp-content\/uploads\/2025\/06\/G1432654-1.jpg\" data-id=\"1771\" class=\"wp-image-1771 skip-lazy\" srcset=\"https:\/\/furrair.ch\/wp-content\/uploads\/2025\/06\/G1432654-1.jpg 1280w, https:\/\/furrair.ch\/wp-content\/uploads\/2025\/06\/G1432654-1-300x263.jpg 300w, https:\/\/furrair.ch\/wp-content\/uploads\/2025\/06\/G1432654-1-1024x896.jpg 1024w, https:\/\/furrair.ch\/wp-content\/uploads\/2025\/06\/G1432654-1-768x672.jpg 768w, https:\/\/furrair.ch\/wp-content\/uploads\/2025\/06\/G1432654-1-14x12.jpg 14w\" sizes=\"auto, (max-width: 1280px) 100vw, 1280px\" \/><\/div><\/div><\/figure><\/div><\/div><\/li><li class=\"kb-slide-item kb-gallery-carousel-item splide__slide\"><div class=\"kadence-blocks-gallery-item\"><div class=\"kadence-blocks-gallery-item-inner\"><figure class=\"kb-gallery-figure kadence-blocks-gallery-item-hide-caption\"><div class=\"kb-gal-image-radius\"><div class=\"kb-gallery-image-contain\" ><img loading=\"lazy\" decoding=\"async\" width=\"1280\" height=\"960\" src=\"https:\/\/furrair.ch\/wp-content\/uploads\/2025\/06\/GX012802.jpg\"   alt=\"\" data-full-image=\"https:\/\/furrair.ch\/wp-content\/uploads\/2025\/06\/GX012802.jpg\" data-light-image=\"https:\/\/furrair.ch\/wp-content\/uploads\/2025\/06\/GX012802.jpg\" data-id=\"1780\" class=\"wp-image-1780 skip-lazy\" srcset=\"https:\/\/furrair.ch\/wp-content\/uploads\/2025\/06\/GX012802.jpg 1280w, https:\/\/furrair.ch\/wp-content\/uploads\/2025\/06\/GX012802-300x225.jpg 300w, https:\/\/furrair.ch\/wp-content\/uploads\/2025\/06\/GX012802-1024x768.jpg 1024w, https:\/\/furrair.ch\/wp-content\/uploads\/2025\/06\/GX012802-768x576.jpg 768w, https:\/\/furrair.ch\/wp-content\/uploads\/2025\/06\/GX012802-16x12.jpg 16w\" sizes=\"auto, (max-width: 1280px) 100vw, 1280px\" \/><\/div><\/div><\/figure><\/div><\/div><\/li><\/ul><\/div><\/div><\/div><\/div><\/div><\/div>\n\n<\/div><\/div>\n\n\n<p><\/p>\n","protected":false},"excerpt":{"rendered":"<p>Willkommen Lass dich entf\u00fchren in die faszinierende Welt des Gleitschirmfliegens. Entdecke mit mir die Landschaft von oben und erlebe das Gef\u00fchl des einfachsten Fliegens. Ich f\u00fchre das &#171;Flugzeug&#187; im Rucksack mit. Vorkenntnisse dazu brauchst du keine mitzubringen. Ich erkl\u00e4re dir den Ablauf eines Fluges und begleite dich vom Start bis zur Landung. Ein paar Schritte&#8230;<\/p>","protected":false},"author":1,"featured_media":0,"parent":0,"menu_order":1,"comment_status":"closed","ping_status":"closed","template":"","meta":{"_kad_post_transparent":"default","_kad_post_title":"hide","_kad_post_layout":"fullwidth","_kad_post_sidebar_id":"","_kad_post_content_style":"unboxed","_kad_post_vertical_padding":"top","_kad_post_feature":"show","_kad_post_feature_position":"default","_kad_post_header":false,"_kad_post_footer":false,"footnotes":""},"class_list":["post-13","page","type-page","status-publish","hentry"],"_links":{"self":[{"href":"https:\/\/furrair.ch\/en\/wp-json\/wp\/v2\/pages\/13","targetHints":{"allow":["GET"]}}],"collection":[{"href":"https:\/\/furrair.ch\/en\/wp-json\/wp\/v2\/pages"}],"about":[{"href":"https:\/\/furrair.ch\/en\/wp-json\/wp\/v2\/types\/page"}],"author":[{"embeddable":true,"href":"https:\/\/furrair.ch\/en\/wp-json\/wp\/v2\/users\/1"}],"replies":[{"embeddable":true,"href":"https:\/\/furrair.ch\/en\/wp-json\/wp\/v2\/comments?post=13"}],"version-history":[{"count":75,"href":"https:\/\/furrair.ch\/en\/wp-json\/wp\/v2\/pages\/13\/revisions"}],"predecessor-version":[{"id":1963,"href":"https:\/\/furrair.ch\/en\/wp-json\/wp\/v2\/pages\/13\/revisions\/1963"}],"wp:attachment":[{"href":"https:\/\/furrair.ch\/en\/wp-json\/wp\/v2\/media?parent=13"}],"curies":[{"name":"wp","href":"https:\/\/api.w.org\/{rel}","templated":true}]}}